{"id":165,"date":"2024-05-23T23:03:53","date_gmt":"2024-05-23T21:03:53","guid":{"rendered":"http:\/\/neu.lintig-sengewald.de\/?page_id=165"},"modified":"2024-07-31T11:30:53","modified_gmt":"2024-07-31T09:30:53","slug":"projekte","status":"publish","type":"page","link":"http:\/\/lintig-sengewald.de\/?page_id=165","title":{"rendered":"Projekte"},"content":{"rendered":"\t\t<div data-elementor-type=\"wp-page\" data-elementor-id=\"165\" class=\"elementor elementor-165\" data-elementor-post-type=\"page\">\n\t\t\t\t<div class=\"elementor-element elementor-element-d42f791 e-flex e-con-boxed e-con e-parent\" data-id=\"d42f791\" data-element_type=\"container\" data-e-type=\"container\">\n\t\t\t\t\t<div class=\"e-con-inner\">\n\t\t\t\t<div class=\"elementor-element elementor-element-6ba93061 elementor-widget elementor-widget-text-editor\" data-id=\"6ba93061\" data-element_type=\"widget\" data-e-type=\"widget\" data-widget_type=\"text-editor.default\">\n\t\t\t\t<div class=\"elementor-widget-container\">\n\t\t\t\t\t\t\t\t\t<h4>\u00a0<\/h4><h4><span style=\"color: #747474;\">Projekte<\/span><\/h4>\t\t\t\t\t\t\t\t<\/div>\n\t\t\t\t<\/div>\n\t\t\t\t\t<\/div>\n\t\t\t\t<\/div>\n\t\t<div class=\"elementor-element elementor-element-f711762 e-grid e-con-boxed e-con e-parent\" data-id=\"f711762\" data-element_type=\"container\" data-e-type=\"container\">\n\t\t\t\t\t<div class=\"e-con-inner\">\n\t\t\t\t<div class=\"elementor-element elementor-element-7eaee79 elementor-widget elementor-widget-image\" data-id=\"7eaee79\" data-element_type=\"widget\" data-e-type=\"widget\" data-widget_type=\"image.default\">\n\t\t\t\t<div class=\"elementor-widget-container\">\n\t\t\t\t\t\t\t\t\t\t\t\t<figure class=\"wp-caption\">\n\t\t\t\t\t\t\t\t\t\t\t<a href=\"http:\/\/lintig-sengewald.de\/?page_id=823\">\n\t\t\t\t\t\t\t<img fetchpriority=\"high\" decoding=\"async\" width=\"1000\" height=\"625\" src=\"http:\/\/lintig-sengewald.de\/wp-content\/uploads\/2024\/05\/kita-aalenerstrasse_reutlingen_003.jpg\" class=\"attachment-large size-large wp-image-1572\" alt=\"\" srcset=\"http:\/\/lintig-sengewald.de\/wp-content\/uploads\/2024\/05\/kita-aalenerstrasse_reutlingen_003.jpg 1000w, http:\/\/lintig-sengewald.de\/wp-content\/uploads\/2024\/05\/kita-aalenerstrasse_reutlingen_003-300x188.jpg 300w, http:\/\/lintig-sengewald.de\/wp-content\/uploads\/2024\/05\/kita-aalenerstrasse_reutlingen_003-768x480.jpg 768w\" sizes=\"(max-width: 1000px) 100vw, 1000px\" \/>\t\t\t\t\t\t\t\t<\/a>\n\t\t\t\t\t\t\t\t\t\t\t<figcaption class=\"widget-image-caption wp-caption-text\">Kindertagesst\u00e4tten<\/figcaption>\n\t\t\t\t\t\t\t\t\t\t<\/figure>\n\t\t\t\t\t\t\t\t\t<\/div>\n\t\t\t\t<\/div>\n\t\t\t\t<div class=\"elementor-element elementor-element-f5fb38a elementor-widget elementor-widget-image\" data-id=\"f5fb38a\" data-element_type=\"widget\" data-e-type=\"widget\" data-widget_type=\"image.default\">\n\t\t\t\t<div class=\"elementor-widget-container\">\n\t\t\t\t\t\t\t\t\t\t\t\t<figure class=\"wp-caption\">\n\t\t\t\t\t\t\t\t\t\t\t<a href=\"http:\/\/lintig-sengewald.de\/?page_id=171\">\n\t\t\t\t\t\t\t<img decoding=\"async\" width=\"1000\" height=\"625\" src=\"http:\/\/lintig-sengewald.de\/wp-content\/uploads\/2024\/05\/fes_reutlingen_009.jpg\" class=\"attachment-large size-large wp-image-381\" alt=\"\" srcset=\"http:\/\/lintig-sengewald.de\/wp-content\/uploads\/2024\/05\/fes_reutlingen_009.jpg 1000w, http:\/\/lintig-sengewald.de\/wp-content\/uploads\/2024\/05\/fes_reutlingen_009-300x188.jpg 300w, http:\/\/lintig-sengewald.de\/wp-content\/uploads\/2024\/05\/fes_reutlingen_009-768x480.jpg 768w\" sizes=\"(max-width: 1000px) 100vw, 1000px\" \/>\t\t\t\t\t\t\t\t<\/a>\n\t\t\t\t\t\t\t\t\t\t\t<figcaption class=\"widget-image-caption wp-caption-text\">Schulen<\/figcaption>\n\t\t\t\t\t\t\t\t\t\t<\/figure>\n\t\t\t\t\t\t\t\t\t<\/div>\n\t\t\t\t<\/div>\n\t\t\t\t<div class=\"elementor-element elementor-element-573f082 elementor-widget elementor-widget-image\" data-id=\"573f082\" data-element_type=\"widget\" data-e-type=\"widget\" data-widget_type=\"image.default\">\n\t\t\t\t<div class=\"elementor-widget-container\">\n\t\t\t\t\t\t\t\t\t\t\t\t<figure class=\"wp-caption\">\n\t\t\t\t\t\t\t\t\t\t\t<a href=\"http:\/\/lintig-sengewald.de\/?page_id=173\">\n\t\t\t\t\t\t\t<img decoding=\"async\" width=\"1000\" height=\"626\" src=\"http:\/\/lintig-sengewald.de\/wp-content\/uploads\/2024\/05\/spielplatz-tommental_eningen_002.jpg\" class=\"attachment-large size-large wp-image-1650\" alt=\"\" srcset=\"http:\/\/lintig-sengewald.de\/wp-content\/uploads\/2024\/05\/spielplatz-tommental_eningen_002.jpg 1000w, http:\/\/lintig-sengewald.de\/wp-content\/uploads\/2024\/05\/spielplatz-tommental_eningen_002-300x188.jpg 300w, http:\/\/lintig-sengewald.de\/wp-content\/uploads\/2024\/05\/spielplatz-tommental_eningen_002-768x481.jpg 768w\" sizes=\"(max-width: 1000px) 100vw, 1000px\" \/>\t\t\t\t\t\t\t\t<\/a>\n\t\t\t\t\t\t\t\t\t\t\t<figcaption class=\"widget-image-caption wp-caption-text\">Spielanlagen<\/figcaption>\n\t\t\t\t\t\t\t\t\t\t<\/figure>\n\t\t\t\t\t\t\t\t\t<\/div>\n\t\t\t\t<\/div>\n\t\t\t\t<div class=\"elementor-element elementor-element-17388bf elementor-widget elementor-widget-image\" data-id=\"17388bf\" data-element_type=\"widget\" data-e-type=\"widget\" data-widget_type=\"image.default\">\n\t\t\t\t<div class=\"elementor-widget-container\">\n\t\t\t\t\t\t\t\t\t\t\t\t<figure class=\"wp-caption\">\n\t\t\t\t\t\t\t\t\t\t\t<a href=\"http:\/\/lintig-sengewald.de\/?page_id=175\">\n\t\t\t\t\t\t\t<img loading=\"lazy\" decoding=\"async\" width=\"1000\" height=\"625\" src=\"http:\/\/lintig-sengewald.de\/wp-content\/uploads\/2024\/05\/gartentor_reutlingen_007.jpg\" class=\"attachment-large size-large wp-image-479\" alt=\"\" srcset=\"http:\/\/lintig-sengewald.de\/wp-content\/uploads\/2024\/05\/gartentor_reutlingen_007.jpg 1000w, http:\/\/lintig-sengewald.de\/wp-content\/uploads\/2024\/05\/gartentor_reutlingen_007-300x188.jpg 300w, http:\/\/lintig-sengewald.de\/wp-content\/uploads\/2024\/05\/gartentor_reutlingen_007-768x480.jpg 768w\" sizes=\"(max-width: 1000px) 100vw, 1000px\" \/>\t\t\t\t\t\t\t\t<\/a>\n\t\t\t\t\t\t\t\t\t\t\t<figcaption class=\"widget-image-caption wp-caption-text\">Wohnanlagen<\/figcaption>\n\t\t\t\t\t\t\t\t\t\t<\/figure>\n\t\t\t\t\t\t\t\t\t<\/div>\n\t\t\t\t<\/div>\n\t\t\t\t<div class=\"elementor-element elementor-element-1ca28ec elementor-widget elementor-widget-image\" data-id=\"1ca28ec\" data-element_type=\"widget\" data-e-type=\"widget\" data-widget_type=\"image.default\">\n\t\t\t\t<div class=\"elementor-widget-container\">\n\t\t\t\t\t\t\t\t\t\t\t\t<figure class=\"wp-caption\">\n\t\t\t\t\t\t\t\t\t\t\t<a href=\"http:\/\/lintig-sengewald.de\/?page_id=179\">\n\t\t\t\t\t\t\t<img loading=\"lazy\" decoding=\"async\" width=\"1000\" height=\"624\" src=\"http:\/\/lintig-sengewald.de\/wp-content\/uploads\/2024\/05\/atriumgarten_reutlingen_001.jpg\" class=\"attachment-large size-large wp-image-561\" alt=\"\" srcset=\"http:\/\/lintig-sengewald.de\/wp-content\/uploads\/2024\/05\/atriumgarten_reutlingen_001.jpg 1000w, http:\/\/lintig-sengewald.de\/wp-content\/uploads\/2024\/05\/atriumgarten_reutlingen_001-300x187.jpg 300w, http:\/\/lintig-sengewald.de\/wp-content\/uploads\/2024\/05\/atriumgarten_reutlingen_001-768x479.jpg 768w\" sizes=\"(max-width: 1000px) 100vw, 1000px\" \/>\t\t\t\t\t\t\t\t<\/a>\n\t\t\t\t\t\t\t\t\t\t\t<figcaption class=\"widget-image-caption wp-caption-text\">G\u00e4rten<\/figcaption>\n\t\t\t\t\t\t\t\t\t\t<\/figure>\n\t\t\t\t\t\t\t\t\t<\/div>\n\t\t\t\t<\/div>\n\t\t\t\t<div class=\"elementor-element elementor-element-b02f69e elementor-widget elementor-widget-image\" data-id=\"b02f69e\" data-element_type=\"widget\" data-e-type=\"widget\" data-widget_type=\"image.default\">\n\t\t\t\t<div class=\"elementor-widget-container\">\n\t\t\t\t\t\t\t\t\t\t\t\t<figure class=\"wp-caption\">\n\t\t\t\t\t\t\t\t\t\t\t<a href=\"http:\/\/lintig-sengewald.de\/?page_id=177\">\n\t\t\t\t\t\t\t<img loading=\"lazy\" decoding=\"async\" width=\"1000\" height=\"624\" src=\"http:\/\/lintig-sengewald.de\/wp-content\/uploads\/2024\/05\/dorfplatz_oferdingen_001.jpg\" class=\"attachment-large size-large wp-image-564\" alt=\"\" srcset=\"http:\/\/lintig-sengewald.de\/wp-content\/uploads\/2024\/05\/dorfplatz_oferdingen_001.jpg 1000w, http:\/\/lintig-sengewald.de\/wp-content\/uploads\/2024\/05\/dorfplatz_oferdingen_001-300x187.jpg 300w, http:\/\/lintig-sengewald.de\/wp-content\/uploads\/2024\/05\/dorfplatz_oferdingen_001-768x479.jpg 768w\" sizes=\"(max-width: 1000px) 100vw, 1000px\" \/>\t\t\t\t\t\t\t\t<\/a>\n\t\t\t\t\t\t\t\t\t\t\t<figcaption class=\"widget-image-caption wp-caption-text\">Wege und Pl\u00e4tze<\/figcaption>\n\t\t\t\t\t\t\t\t\t\t<\/figure>\n\t\t\t\t\t\t\t\t\t<\/div>\n\t\t\t\t<\/div>\n\t\t\t\t\t<\/div>\n\t\t\t\t<\/div>\n\t\t\t\t<\/div>\n\t\t","protected":false},"excerpt":{"rendered":"<p>\u00a0 Projekte Kindertagesst\u00e4tten Schulen Spielanlagen Wohnanlagen G\u00e4rten Wege und Pl\u00e4tze<\/p>\n","protected":false},"author":1,"featured_media":0,"parent":0,"menu_order":0,"comment_status":"closed","ping_status":"closed","template":"","meta":{"footnotes":""},"class_list":["post-165","page","type-page","status-publish","hentry"],"blocksy_meta":[],"_links":{"self":[{"href":"http:\/\/lintig-sengewald.de\/index.php?rest_route=\/wp\/v2\/pages\/165","targetHints":{"allow":["GET"]}}],"collection":[{"href":"http:\/\/lintig-sengewald.de\/index.php?rest_route=\/wp\/v2\/pages"}],"about":[{"href":"http:\/\/lintig-sengewald.de\/index.php?rest_route=\/wp\/v2\/types\/page"}],"author":[{"embeddable":true,"href":"http:\/\/lintig-sengewald.de\/index.php?rest_route=\/wp\/v2\/users\/1"}],"replies":[{"embeddable":true,"href":"http:\/\/lintig-sengewald.de\/index.php?rest_route=%2Fwp%2Fv2%2Fcomments&post=165"}],"version-history":[{"count":10,"href":"http:\/\/lintig-sengewald.de\/index.php?rest_route=\/wp\/v2\/pages\/165\/revisions"}],"predecessor-version":[{"id":2222,"href":"http:\/\/lintig-sengewald.de\/index.php?rest_route=\/wp\/v2\/pages\/165\/revisions\/2222"}],"wp:attachment":[{"href":"http:\/\/lintig-sengewald.de\/index.php?rest_route=%2Fwp%2Fv2%2Fmedia&parent=165"}],"curies":[{"name":"wp","href":"https:\/\/api.w.org\/{rel}","templated":true}]}}