{"id":207,"date":"2024-05-23T23:44:51","date_gmt":"2024-05-23T21:44:51","guid":{"rendered":"http:\/\/neu.lintig-sengewald.de\/?page_id=207"},"modified":"2025-07-10T14:59:26","modified_gmt":"2025-07-10T12:59:26","slug":"profil","status":"publish","type":"page","link":"http:\/\/lintig-sengewald.de\/?page_id=207","title":{"rendered":"Profil"},"content":{"rendered":"\t\t<div data-elementor-type=\"wp-page\" data-elementor-id=\"207\" class=\"elementor elementor-207\" data-elementor-post-type=\"page\">\n\t\t\t\t<div class=\"elementor-element elementor-element-8d31e21 e-flex e-con-boxed e-con e-parent\" data-id=\"8d31e21\" data-element_type=\"container\" data-e-type=\"container\">\n\t\t\t\t\t<div class=\"e-con-inner\">\n\t\t\t\t<div class=\"elementor-element elementor-element-c59df28 elementor-widget elementor-widget-text-editor\" data-id=\"c59df28\" data-element_type=\"widget\" data-e-type=\"widget\" data-widget_type=\"text-editor.default\">\n\t\t\t\t<div class=\"elementor-widget-container\">\n\t\t\t\t\t\t\t\t\t<h4>\u00a0<\/h4><h4>Profil<\/h4>\t\t\t\t\t\t\t\t<\/div>\n\t\t\t\t<\/div>\n\t\t\t\t\t<\/div>\n\t\t\t\t<\/div>\n\t\t<div class=\"elementor-element elementor-element-dba6a27 e-grid e-con-boxed e-con e-parent\" data-id=\"dba6a27\" data-element_type=\"container\" data-e-type=\"container\">\n\t\t\t\t\t<div class=\"e-con-inner\">\n\t\t<div class=\"elementor-element elementor-element-a41a844 e-grid e-con-boxed e-con e-child\" data-id=\"a41a844\" data-element_type=\"container\" data-e-type=\"container\">\n\t\t\t\t\t<div class=\"e-con-inner\">\n\t\t\t\t<div class=\"elementor-element elementor-element-031e0b8 elementor-widget__width-initial elementor-widget elementor-widget-text-editor\" data-id=\"031e0b8\" data-element_type=\"widget\" data-e-type=\"widget\" data-widget_type=\"text-editor.default\">\n\t\t\t\t<div class=\"elementor-widget-container\">\n\t\t\t\t\t\t\t\t\t<p>Schwerpunkt unserer Arbeit ist die Planung von Feir\u00e4umen f\u00fcr \u00f6ffentliche und private Auftraggeber auf allen Ma\u00dfstabsebenen, vom st\u00e4dtebaulichen Konzept bis zum konkreten Objekt.<\/p><p>\u00c4sthetische, \u00f6kologische und funktionale Anspr\u00fcche bringen wir miteinander in Einklang. Der Charakter des Ortes spielt eine ma\u00dfgebliche Rolle bei der Entwicklung einer \u00fcbergeordneten Entwurfsidee. Mit klaren Formen und pr\u00e4zisen Details entwickeln wir ma\u00dfgeschneiderte L\u00f6sungen f\u00fcr Ihre Ziele.<\/p><p>Die Qualit\u00e4t der Entw\u00fcrfe bringen wir durch eine gewissenhafte Werkplanung zur Realisation. Durch sorgf\u00e4ltige Bau\u00fcberwachung sorgen wir f\u00fcr eine exakte und kostenbewu\u00dfte Umsetzung.<\/p>\t\t\t\t\t\t\t\t<\/div>\n\t\t\t\t<\/div>\n\t\t<div class=\"elementor-element elementor-element-2687643 e-grid e-con-boxed e-con e-child\" data-id=\"2687643\" data-element_type=\"container\" data-e-type=\"container\">\n\t\t\t\t\t<div class=\"e-con-inner\">\n\t\t\t\t<div class=\"elementor-element elementor-element-b0bf166 elementor-widget elementor-widget-image\" data-id=\"b0bf166\" data-element_type=\"widget\" data-e-type=\"widget\" data-widget_type=\"image.default\">\n\t\t\t\t<div class=\"elementor-widget-container\">\n\t\t\t\t\t\t\t\t\t\t\t\t<figure class=\"wp-caption\">\n\t\t\t\t\t\t\t\t\t\t\t<a href=\"http:\/\/lintig-sengewald.de\/?page_id=258\">\n\t\t\t\t\t\t\t<img fetchpriority=\"high\" decoding=\"async\" width=\"300\" height=\"188\" src=\"http:\/\/lintig-sengewald.de\/wp-content\/uploads\/2025\/07\/lintig_-300x188.jpg\" class=\"attachment-medium size-medium wp-image-2730\" alt=\"\" srcset=\"http:\/\/lintig-sengewald.de\/wp-content\/uploads\/2025\/07\/lintig_-300x188.jpg 300w, http:\/\/lintig-sengewald.de\/wp-content\/uploads\/2025\/07\/lintig_-768x480.jpg 768w, http:\/\/lintig-sengewald.de\/wp-content\/uploads\/2025\/07\/lintig_.jpg 1000w\" sizes=\"(max-width: 300px) 100vw, 300px\" \/>\t\t\t\t\t\t\t\t<\/a>\n\t\t\t\t\t\t\t\t\t\t\t<figcaption class=\"widget-image-caption wp-caption-text\">Carolin von Lintig       <\/figcaption>\n\t\t\t\t\t\t\t\t\t\t<\/figure>\n\t\t\t\t\t\t\t\t\t<\/div>\n\t\t\t\t<\/div>\n\t\t\t\t<div class=\"elementor-element elementor-element-f115bff elementor-widget elementor-widget-image\" data-id=\"f115bff\" data-element_type=\"widget\" data-e-type=\"widget\" data-widget_type=\"image.default\">\n\t\t\t\t<div class=\"elementor-widget-container\">\n\t\t\t\t\t\t\t\t\t\t\t\t<figure class=\"wp-caption\">\n\t\t\t\t\t\t\t\t\t\t\t<a href=\"http:\/\/lintig-sengewald.de\/?page_id=259\">\n\t\t\t\t\t\t\t<img decoding=\"async\" width=\"300\" height=\"188\" src=\"http:\/\/lintig-sengewald.de\/wp-content\/uploads\/2025\/07\/sengewald_-300x188.jpg\" class=\"attachment-medium size-medium wp-image-2731\" alt=\"\" srcset=\"http:\/\/lintig-sengewald.de\/wp-content\/uploads\/2025\/07\/sengewald_-300x188.jpg 300w, http:\/\/lintig-sengewald.de\/wp-content\/uploads\/2025\/07\/sengewald_-768x480.jpg 768w, http:\/\/lintig-sengewald.de\/wp-content\/uploads\/2025\/07\/sengewald_.jpg 1000w\" sizes=\"(max-width: 300px) 100vw, 300px\" \/>\t\t\t\t\t\t\t\t<\/a>\n\t\t\t\t\t\t\t\t\t\t\t<figcaption class=\"widget-image-caption wp-caption-text\">Bertram Sengewald<\/figcaption>\n\t\t\t\t\t\t\t\t\t\t<\/figure>\n\t\t\t\t\t\t\t\t\t<\/div>\n\t\t\t\t<\/div>\n\t\t\t\t\t<\/div>\n\t\t\t\t<\/div>\n\t\t\t\t\t<\/div>\n\t\t\t\t<\/div>\n\t\t\t\t<div class=\"elementor-element elementor-element-9e32848 elementor-widget elementor-widget-image\" data-id=\"9e32848\" data-element_type=\"widget\" data-e-type=\"widget\" data-widget_type=\"image.default\">\n\t\t\t\t<div class=\"elementor-widget-container\">\n\t\t\t\t\t\t\t\t\t\t\t\t\t\t\t<img decoding=\"async\" width=\"750\" height=\"600\" src=\"http:\/\/lintig-sengewald.de\/wp-content\/uploads\/2024\/05\/profil.jpg\" class=\"attachment-large size-large wp-image-987\" alt=\"\" srcset=\"http:\/\/lintig-sengewald.de\/wp-content\/uploads\/2024\/05\/profil.jpg 750w, http:\/\/lintig-sengewald.de\/wp-content\/uploads\/2024\/05\/profil-300x240.jpg 300w\" sizes=\"(max-width: 750px) 100vw, 750px\" \/>\t\t\t\t\t\t\t\t\t\t\t\t\t\t\t<\/div>\n\t\t\t\t<\/div>\n\t\t\t\t\t<\/div>\n\t\t\t\t<\/div>\n\t\t\t\t<\/div>\n\t\t","protected":false},"excerpt":{"rendered":"<p>\u00a0 Profil Schwerpunkt unserer Arbeit ist die Planung von Feir\u00e4umen f\u00fcr \u00f6ffentliche und private Auftraggeber auf allen Ma\u00dfstabsebenen, vom st\u00e4dtebaulichen Konzept bis zum konkreten Objekt. \u00c4sthetische, \u00f6kologische und funktionale Anspr\u00fcche bringen wir miteinander in Einklang. Der Charakter des Ortes spielt eine ma\u00dfgebliche Rolle bei der Entwicklung einer \u00fcbergeordneten Entwurfsidee. Mit klaren Formen und pr\u00e4zisen Details [&hellip;]<\/p>\n","protected":false},"author":1,"featured_media":0,"parent":0,"menu_order":0,"comment_status":"closed","ping_status":"closed","template":"","meta":{"footnotes":""},"class_list":["post-207","page","type-page","status-publish","hentry"],"blocksy_meta":[],"_links":{"self":[{"href":"http:\/\/lintig-sengewald.de\/index.php?rest_route=\/wp\/v2\/pages\/207","targetHints":{"allow":["GET"]}}],"collection":[{"href":"http:\/\/lintig-sengewald.de\/index.php?rest_route=\/wp\/v2\/pages"}],"about":[{"href":"http:\/\/lintig-sengewald.de\/index.php?rest_route=\/wp\/v2\/types\/page"}],"author":[{"embeddable":true,"href":"http:\/\/lintig-sengewald.de\/index.php?rest_route=\/wp\/v2\/users\/1"}],"replies":[{"embeddable":true,"href":"http:\/\/lintig-sengewald.de\/index.php?rest_route=%2Fwp%2Fv2%2Fcomments&post=207"}],"version-history":[{"count":11,"href":"http:\/\/lintig-sengewald.de\/index.php?rest_route=\/wp\/v2\/pages\/207\/revisions"}],"predecessor-version":[{"id":2741,"href":"http:\/\/lintig-sengewald.de\/index.php?rest_route=\/wp\/v2\/pages\/207\/revisions\/2741"}],"wp:attachment":[{"href":"http:\/\/lintig-sengewald.de\/index.php?rest_route=%2Fwp%2Fv2%2Fmedia&parent=207"}],"curies":[{"name":"wp","href":"https:\/\/api.w.org\/{rel}","templated":true}]}}