{"id":258,"date":"2024-05-24T11:03:39","date_gmt":"2024-05-24T09:03:39","guid":{"rendered":"http:\/\/neu.lintig-sengewald.de\/?page_id=258"},"modified":"2025-07-10T15:20:27","modified_gmt":"2025-07-10T13:20:27","slug":"carolin-von-lintig","status":"publish","type":"page","link":"http:\/\/lintig-sengewald.de\/?page_id=258","title":{"rendered":"Carolin von Lintig"},"content":{"rendered":"\t\t<div data-elementor-type=\"wp-page\" data-elementor-id=\"258\" class=\"elementor elementor-258\" data-elementor-post-type=\"page\">\n\t\t\t\t<div class=\"elementor-element elementor-element-40d7ffec e-flex e-con-boxed e-con e-parent\" data-id=\"40d7ffec\" data-element_type=\"container\" data-e-type=\"container\">\n\t\t\t\t\t<div class=\"e-con-inner\">\n\t\t\t\t<div class=\"elementor-element elementor-element-d681d35 elementor-widget elementor-widget-text-editor\" data-id=\"d681d35\" data-element_type=\"widget\" data-e-type=\"widget\" data-widget_type=\"text-editor.default\">\n\t\t\t\t<div class=\"elementor-widget-container\">\n\t\t\t\t\t\t\t\t\t<h4>\u00a0<\/h4><h4><span style=\"color: #999999;\"><a style=\"color: #999999; text-decoration: underline;\" href=\"http:\/\/lintig-sengewald.de\/?page_id=207\">Profil<\/a> \/ <span style=\"color: #000000;\">Carolin von Lintig<\/span><\/span><\/h4>\t\t\t\t\t\t\t\t<\/div>\n\t\t\t\t<\/div>\n\t\t\t\t\t<\/div>\n\t\t\t\t<\/div>\n\t\t<div class=\"elementor-element elementor-element-a032c9d e-grid e-con-boxed e-con e-parent\" data-id=\"a032c9d\" data-element_type=\"container\" data-e-type=\"container\">\n\t\t\t\t\t<div class=\"e-con-inner\">\n\t\t\t\t<div class=\"elementor-element elementor-element-c73ecf6 elementor-widget elementor-widget-text-editor\" data-id=\"c73ecf6\" data-element_type=\"widget\" data-e-type=\"widget\" data-widget_type=\"text-editor.default\">\n\t\t\t\t<div class=\"elementor-widget-container\">\n\t\t\t\t\t\t\t\t\t<p style=\"text-align: right;\" align=\"right\">Freie Landschaftsarchitektin\u00a0<\/p><p style=\"text-align: right;\" align=\"right\">Dipl.-Ing. Landschafts- und Freiraumplanung<\/p><p style=\"text-align: right;\" align=\"right\">seit 2003 Mitglied\u00a0im\u00a0Ausschuss f\u00fcr Vergabe und Wettbewerb und im <br \/>Arbeitskreis Garten- und Landschaftsarchitektur (AKBW)<\/p><p style=\"text-align: right;\" align=\"right\">1997 Gr\u00fcndung B\u00fcro Lintig Sengewald in Reutlingen<\/p><p style=\"text-align: right;\" align=\"right\">1994-97\u00a0Mitarbeit in bayerischen Landschaftsarchitekturb\u00fcros<\/p><p style=\"text-align: right;\" align=\"right\">1987-94\u00a0Studium an der Uni Hannover,<br \/>Fachbereich Landschaftsarchitektur und Umweltentwicklung<\/p>\t\t\t\t\t\t\t\t<\/div>\n\t\t\t\t<\/div>\n\t\t\t\t<div class=\"elementor-element elementor-element-169a1c2 elementor-widget elementor-widget-image\" data-id=\"169a1c2\" data-element_type=\"widget\" data-e-type=\"widget\" data-widget_type=\"image.default\">\n\t\t\t\t<div class=\"elementor-widget-container\">\n\t\t\t\t\t\t\t\t\t\t\t\t\t\t\t<img fetchpriority=\"high\" decoding=\"async\" width=\"768\" height=\"480\" src=\"http:\/\/lintig-sengewald.de\/wp-content\/uploads\/2025\/07\/lintig_-768x480.jpg\" class=\"attachment-medium_large size-medium_large wp-image-2730\" alt=\"\" srcset=\"http:\/\/lintig-sengewald.de\/wp-content\/uploads\/2025\/07\/lintig_-768x480.jpg 768w, http:\/\/lintig-sengewald.de\/wp-content\/uploads\/2025\/07\/lintig_-300x188.jpg 300w, http:\/\/lintig-sengewald.de\/wp-content\/uploads\/2025\/07\/lintig_.jpg 1000w\" sizes=\"(max-width: 768px) 100vw, 768px\" \/>\t\t\t\t\t\t\t\t\t\t\t\t\t\t\t<\/div>\n\t\t\t\t<\/div>\n\t\t\t\t\t<\/div>\n\t\t\t\t<\/div>\n\t\t\t\t<\/div>\n\t\t","protected":false},"excerpt":{"rendered":"<p>\u00a0 Profil \/ Carolin von Lintig Freie Landschaftsarchitektin\u00a0 Dipl.-Ing. Landschafts- und Freiraumplanung seit 2003 Mitglied\u00a0im\u00a0Ausschuss f\u00fcr Vergabe und Wettbewerb und im Arbeitskreis Garten- und Landschaftsarchitektur (AKBW) 1997 Gr\u00fcndung B\u00fcro Lintig Sengewald in Reutlingen 1994-97\u00a0Mitarbeit in bayerischen Landschaftsarchitekturb\u00fcros 1987-94\u00a0Studium an der Uni Hannover,Fachbereich Landschaftsarchitektur und Umweltentwicklung<\/p>\n","protected":false},"author":1,"featured_media":0,"parent":207,"menu_order":0,"comment_status":"closed","ping_status":"closed","template":"","meta":{"footnotes":""},"class_list":["post-258","page","type-page","status-publish","hentry"],"blocksy_meta":[],"_links":{"self":[{"href":"http:\/\/lintig-sengewald.de\/index.php?rest_route=\/wp\/v2\/pages\/258","targetHints":{"allow":["GET"]}}],"collection":[{"href":"http:\/\/lintig-sengewald.de\/index.php?rest_route=\/wp\/v2\/pages"}],"about":[{"href":"http:\/\/lintig-sengewald.de\/index.php?rest_route=\/wp\/v2\/types\/page"}],"author":[{"embeddable":true,"href":"http:\/\/lintig-sengewald.de\/index.php?rest_route=\/wp\/v2\/users\/1"}],"replies":[{"embeddable":true,"href":"http:\/\/lintig-sengewald.de\/index.php?rest_route=%2Fwp%2Fv2%2Fcomments&post=258"}],"version-history":[{"count":10,"href":"http:\/\/lintig-sengewald.de\/index.php?rest_route=\/wp\/v2\/pages\/258\/revisions"}],"predecessor-version":[{"id":2750,"href":"http:\/\/lintig-sengewald.de\/index.php?rest_route=\/wp\/v2\/pages\/258\/revisions\/2750"}],"up":[{"embeddable":true,"href":"http:\/\/lintig-sengewald.de\/index.php?rest_route=\/wp\/v2\/pages\/207"}],"wp:attachment":[{"href":"http:\/\/lintig-sengewald.de\/index.php?rest_route=%2Fwp%2Fv2%2Fmedia&parent=258"}],"curies":[{"name":"wp","href":"https:\/\/api.w.org\/{rel}","templated":true}]}}