{"id":259,"date":"2024-05-24T11:03:39","date_gmt":"2024-05-24T09:03:39","guid":{"rendered":"http:\/\/neu.lintig-sengewald.de\/?page_id=259"},"modified":"2025-07-10T15:21:08","modified_gmt":"2025-07-10T13:21:08","slug":"bertram-sengewald","status":"publish","type":"page","link":"http:\/\/lintig-sengewald.de\/?page_id=259","title":{"rendered":"Bertram Sengewald"},"content":{"rendered":"\t\t<div data-elementor-type=\"wp-page\" data-elementor-id=\"259\" class=\"elementor elementor-259\" data-elementor-post-type=\"page\">\n\t\t\t\t<div class=\"elementor-element elementor-element-6ffaca96 e-flex e-con-boxed e-con e-parent\" data-id=\"6ffaca96\" data-element_type=\"container\" data-e-type=\"container\">\n\t\t\t\t\t<div class=\"e-con-inner\">\n\t\t\t\t<div class=\"elementor-element elementor-element-1c2a1695 elementor-widget elementor-widget-text-editor\" data-id=\"1c2a1695\" data-element_type=\"widget\" data-e-type=\"widget\" data-widget_type=\"text-editor.default\">\n\t\t\t\t<div class=\"elementor-widget-container\">\n\t\t\t\t\t\t\t\t\t<h4>\u00a0<\/h4><h4><span style=\"color: #999999;\"><a style=\"color: #999999; text-decoration: underline;\" href=\"http:\/\/lintig-sengewald.de\/?page_id=207\">Profil<\/a> \/ <span style=\"color: #000000;\">Bertram Sengewald<\/span><\/span><\/h4>\t\t\t\t\t\t\t\t<\/div>\n\t\t\t\t<\/div>\n\t\t\t\t\t<\/div>\n\t\t\t\t<\/div>\n\t\t<div class=\"elementor-element elementor-element-566de81 e-grid e-con-boxed e-con e-parent\" data-id=\"566de81\" data-element_type=\"container\" data-e-type=\"container\">\n\t\t\t\t\t<div class=\"e-con-inner\">\n\t\t\t\t<div class=\"elementor-element elementor-element-4c7f04b elementor-widget elementor-widget-text-editor\" data-id=\"4c7f04b\" data-element_type=\"widget\" data-e-type=\"widget\" data-widget_type=\"text-editor.default\">\n\t\t\t\t<div class=\"elementor-widget-container\">\n\t\t\t\t\t\t\t\t\t<p style=\"text-align: right;\" align=\"right\">Freier Landschaftsarchitekt<\/p><p style=\"text-align: right;\" align=\"right\">Dipl.-Ing. Landschafts- und Freiraumplanung<\/p><p style=\"text-align: right;\" align=\"right\">1997 Gr\u00fcndung B\u00fcro Lintig Sengewald in Reutlingen<\/p><p style=\"text-align: right;\" align=\"right\">1993-96 Mitarbeit in Landschaftsarchitekturb\u00fcros in Baden-W\u00fcrttemberg und Bayern<\/p><p style=\"text-align: right;\" align=\"right\">1987-93 Studium an der\u00a0Uni Hannover,<br \/>Fachbereich Landschaftsarchitektur und Umweltentwicklung<\/p><p style=\"text-align: right;\" align=\"right\">1982-84 Ausbildung zum Landschaftsg\u00e4rtner, bis 92 aktiv im Garten- und Landschaftsbau<\/p>\t\t\t\t\t\t\t\t<\/div>\n\t\t\t\t<\/div>\n\t\t\t\t<div class=\"elementor-element elementor-element-98fb940 elementor-widget elementor-widget-image\" data-id=\"98fb940\" data-element_type=\"widget\" data-e-type=\"widget\" data-widget_type=\"image.default\">\n\t\t\t\t<div class=\"elementor-widget-container\">\n\t\t\t\t\t\t\t\t\t\t\t\t\t\t\t<img fetchpriority=\"high\" decoding=\"async\" width=\"768\" height=\"480\" src=\"http:\/\/lintig-sengewald.de\/wp-content\/uploads\/2025\/07\/sengewald_-768x480.jpg\" class=\"attachment-medium_large size-medium_large wp-image-2731\" alt=\"\" srcset=\"http:\/\/lintig-sengewald.de\/wp-content\/uploads\/2025\/07\/sengewald_-768x480.jpg 768w, http:\/\/lintig-sengewald.de\/wp-content\/uploads\/2025\/07\/sengewald_-300x188.jpg 300w, http:\/\/lintig-sengewald.de\/wp-content\/uploads\/2025\/07\/sengewald_.jpg 1000w\" sizes=\"(max-width: 768px) 100vw, 768px\" \/>\t\t\t\t\t\t\t\t\t\t\t\t\t\t\t<\/div>\n\t\t\t\t<\/div>\n\t\t\t\t\t<\/div>\n\t\t\t\t<\/div>\n\t\t\t\t<\/div>\n\t\t","protected":false},"excerpt":{"rendered":"<p>\u00a0 Profil \/ Bertram Sengewald Freier Landschaftsarchitekt Dipl.-Ing. Landschafts- und Freiraumplanung 1997 Gr\u00fcndung B\u00fcro Lintig Sengewald in Reutlingen 1993-96 Mitarbeit in Landschaftsarchitekturb\u00fcros in Baden-W\u00fcrttemberg und Bayern 1987-93 Studium an der\u00a0Uni Hannover,Fachbereich Landschaftsarchitektur und Umweltentwicklung 1982-84 Ausbildung zum Landschaftsg\u00e4rtner, bis 92 aktiv im Garten- und Landschaftsbau<\/p>\n","protected":false},"author":1,"featured_media":0,"parent":207,"menu_order":0,"comment_status":"closed","ping_status":"closed","template":"","meta":{"footnotes":""},"class_list":["post-259","page","type-page","status-publish","hentry"],"blocksy_meta":[],"_links":{"self":[{"href":"http:\/\/lintig-sengewald.de\/index.php?rest_route=\/wp\/v2\/pages\/259","targetHints":{"allow":["GET"]}}],"collection":[{"href":"http:\/\/lintig-sengewald.de\/index.php?rest_route=\/wp\/v2\/pages"}],"about":[{"href":"http:\/\/lintig-sengewald.de\/index.php?rest_route=\/wp\/v2\/types\/page"}],"author":[{"embeddable":true,"href":"http:\/\/lintig-sengewald.de\/index.php?rest_route=\/wp\/v2\/users\/1"}],"replies":[{"embeddable":true,"href":"http:\/\/lintig-sengewald.de\/index.php?rest_route=%2Fwp%2Fv2%2Fcomments&post=259"}],"version-history":[{"count":10,"href":"http:\/\/lintig-sengewald.de\/index.php?rest_route=\/wp\/v2\/pages\/259\/revisions"}],"predecessor-version":[{"id":2753,"href":"http:\/\/lintig-sengewald.de\/index.php?rest_route=\/wp\/v2\/pages\/259\/revisions\/2753"}],"up":[{"embeddable":true,"href":"http:\/\/lintig-sengewald.de\/index.php?rest_route=\/wp\/v2\/pages\/207"}],"wp:attachment":[{"href":"http:\/\/lintig-sengewald.de\/index.php?rest_route=%2Fwp%2Fv2%2Fmedia&parent=259"}],"curies":[{"name":"wp","href":"https:\/\/api.w.org\/{rel}","templated":true}]}}