{"id":261,"date":"2024-05-24T11:03:39","date_gmt":"2024-05-24T09:03:39","guid":{"rendered":"http:\/\/neu.lintig-sengewald.de\/?page_id=261"},"modified":"2024-05-24T20:45:59","modified_gmt":"2024-05-24T18:45:59","slug":"datenschutz","status":"publish","type":"page","link":"http:\/\/lintig-sengewald.de\/?page_id=261","title":{"rendered":"Datenschutz"},"content":{"rendered":"\t\t<div data-elementor-type=\"wp-page\" data-elementor-id=\"261\" class=\"elementor elementor-261\" data-elementor-post-type=\"page\">\n\t\t\t\t<div class=\"elementor-element elementor-element-19f10f1 e-flex e-con-boxed e-con e-parent\" data-id=\"19f10f1\" data-element_type=\"container\" data-e-type=\"container\">\n\t\t\t\t\t<div class=\"e-con-inner\">\n\t\t\t\t<div class=\"elementor-element elementor-element-a909a66 elementor-widget elementor-widget-text-editor\" data-id=\"a909a66\" data-element_type=\"widget\" data-e-type=\"widget\" data-widget_type=\"text-editor.default\">\n\t\t\t\t<div class=\"elementor-widget-container\">\n\t\t\t\t\t\t\t\t\t<h4>Datenschutz<\/h4>\t\t\t\t\t\t\t\t<\/div>\n\t\t\t\t<\/div>\n\t\t\t\t\t<\/div>\n\t\t\t\t<\/div>\n\t\t<div class=\"elementor-element elementor-element-1f7f1c1 e-flex e-con-boxed e-con e-parent\" data-id=\"1f7f1c1\" data-element_type=\"container\" data-e-type=\"container\">\n\t\t\t\t\t<div class=\"e-con-inner\">\n\t\t\t\t<div class=\"elementor-element elementor-element-56e6d4b elementor-widget elementor-widget-text-editor\" data-id=\"56e6d4b\" data-element_type=\"widget\" data-e-type=\"widget\" data-widget_type=\"text-editor.default\">\n\t\t\t\t<div class=\"elementor-widget-container\">\n\t\t\t\t\t\t\t\t\t<p>Datenschutzerkl\u00e4rung des Architekturb\u00fcro Lintig &amp; Sengewald Landschaftsarchitekten PartGmbB<\/p><p>1. Gegenstand dieser Datenschutzerkl\u00e4rung<br \/>Der Schutz Ihrer personenbezogenen Daten (im Folgenden kurz ,,Daten\u201c) ist uns ein gro\u00dfes und sehr wichtiges Anliegen. Nachfolgend m\u00f6chten wir Sie daher ausf\u00fchrlich dar\u00fcber informieren, welche Daten bei uns erhoben und wie diese von uns im Folgenden verarbeitet oder genutzt werden, ebenso wie, welche begleitenden Schutzma\u00dfnahmen wir auch in technischer und organisatorischer Hinsicht getroffen haben.<\/p><p><br \/>2. Verantwortliche Stelle\/Diensteanbieter<br \/>Verantwortlicher nach Art. 4 DSGVO und zugleich Diensteanbieter im Sinne des Telemediengesetzes (TMG) ist:<\/p><p>Lintig &amp; Sengewald Landschaftsarchitekten PartGmbB<br \/>Bismarckstr 109,<br \/>72764 Reutlingen,<br \/>Telefon: 07121 47601,<br \/>mail: info[at]lintig \u2013sengewald.de<\/p><p>Verantwortlich nach \u00a7 55 des Rundfunk-Staatsvertrags: Bertram Sengewald<\/p><p><br \/>3. Erhebung und Verwendung Ihrer Daten<br \/>Alle personenbezogenen Daten, die wir von Ihnen erheben, werden wir nur zu dem angegebenen Zweck erheben, verarbeiten und nutzen. Dabei beachten wir, dass dies nur im Rahmen der jeweils geltenden Rechtsvorschriften bzw. ansonsten nur mit Ihrer Einwilligung geschieht.<br \/>Sie k\u00f6nnen gem\u00e4\u00df Art. 21 DSGVO in den dort genannten F\u00e4llen Widerspruch gegen die Verarbeitung Ihrer Daten erheben. Bitte wenden Sie sich an &#8222;info[at]lintig-sengewald.de&#8220; oder senden Sie uns Ihr Verlangen per Post. Sie haben das Recht zur Beschwerde bei der zust\u00e4ndigen Aufsichtsbeh\u00f6rde f\u00fcr den Datenschutz.<\/p><p>Der Landesbeauftragte f\u00fcr den Datenschutz und die Informationsfreiheit<br \/>K\u00f6nigstrasse 10 a, 70173 Stuttgart<br \/>Telefon: 0711\/615541-0<br \/>Telefax: 0711\/615541-15<br \/>E-Mail: poststelle@lfdi.bwl.de<br \/>www.baden-wuerttemberg.datenschutz.de\/<\/p><p><br \/>Umfang und Art der Erhebung und Verwendung Ihrer Daten unterscheidet sich danach, ob Sie unseren Internetauftritt nur zum Abruf von Informationen besuchen oder von uns angebotene Leistungen in Anspruch nehmen:<\/p><p>a) Internetnutzung<br \/>F\u00fcr die nur informatorische Nutzung unseres Internetauftritts ist es grunds\u00e4tzlich nicht erforderlich, dass Sie personenbezogene Daten angeben.<br \/>Vielmehr erheben und verwenden wir in diesem Fall nur diejenigen Ihrer Daten, die uns Ihr Internetbrowser automatisch \u00fcbermittelt, wie etwa:<br \/>Datum und Uhrzeit des Abrufs einer unserer Internetseiten<br \/>Ihren Browsertyp<br \/>die Browser-Einstellungen<br \/>das verwendete Betriebssystem<br \/>die von Ihnen zuletzt besuchte Seite<br \/>die \u00fcbertragene Datenmenge und der Zugriffsstatus (Datei \u00fcbertragen, Datei nicht gefunden etc.)<br \/>Ihre IP-Adresse.<\/p><p>Diese Daten erheben und verwenden wir bei einem informatorischen Besuch ausschlie\u00dflich in nichtpersonenbezogener Form. Dies erfolgt, um die Nutzung der von Ihnen abgerufenen Internetseiten \u00fcberhaupt zu erm\u00f6glichen, zu statistischen Zwecken sowie zur Verbesserung unseres Internetangebots.<br \/>Die IP-Adresse speichern wir nur f\u00fcr die Dauer Ihres Besuchs, eine personenbezogene Auswertung findet nicht statt. Eine Zusammenf\u00fchrung dieser Daten mit anderen Datenquellen wird nicht vorgenommen, die Daten werden zudem nach einer statistischen Auswertung gel\u00f6scht. Dies ist nach der Entscheidung des Europ\u00e4ischen Gerichtshofs vom 19.10.2016 (Az.: C 582\/14) auch in Anbetracht des Telemediengesetzes zul\u00e4ssig.<\/p><p>b) Nutzung von Angeboten bzw. Datenverwendung zur Aufgabenerf\u00fcllung<br \/>Soweit Sie von uns angebotene Leistungen in Anspruch nehmen wollen, ist es m\u00f6glicherweise n\u00f6tig, dass Sie dazu weitere Daten angeben. Es handelt sich um diejenigen Daten, die zur jeweiligen Abwicklung erforderlich sind. Weitere Angaben k\u00f6nnen Sie ggf. freiwillig t\u00e4tigen; sie sind von uns entsprechend als optional markiert.<br \/>Ein Teil der Leistungen wird auch im Loginbereich der Homepage bereitgestellt. Die Erhebung oder Verwendung Ihrer Daten erfolgt zu dem Zweck, die von Ihnen gew\u00fcnschte notwendige Leistung zu erbringen.<br \/>Ihre Daten werden zu vorgenanntem Zweck ggf. an uns unterst\u00fctzende Dienstleister weitergegeben, die wir selbstverst\u00e4ndlich sorgf\u00e4ltig ausgew\u00e4hlt und zur Einhaltung des Datenschutzrechts verpflichtet haben. Dabei kann es sich insbesondere um technische Dienstleister oder Versanddienstleister (Lettershop etc.) handeln.<br \/>Die Weitergabe Ihrer Daten an andere Dritte erfolgt ansonsten nur, wenn dies gesetzlich erlaubt ist oder wir Ihre explizite Einwilligung daf\u00fcr erhalten haben.<\/p><p>4. Datenschutzrechtliche Einwilligung<br \/>F\u00fcr die Ver\u00f6ffentlichung von Bildmaterial, das Ihrem Urheberrecht unterliegt oder auf dem Sie abgebildet sind, ben\u00f6tigen wir unter Umst\u00e4nden ebenfalls Ihre Einwilligung. Ihre Einwilligung k\u00f6nnen Sie gesondert abgeben. Sie k\u00f6nnen sie im Anschluss jederzeit mit Wirkung f\u00fcr die Zukunft widerrufen.<\/p><p><br \/>5. Datensicherheit<br \/>Wir setzen zudem technische und organisatorische Sicherheitsma\u00dfnahmen ein, um anfallende oder<br \/>erhobene personenbezogene Daten zu sch\u00fctzen, insb. gegen zuf\u00e4llige oder vors\u00e4tzliche Manipulation, Verlust, Zerst\u00f6rung oder gegen den Angriff unberechtigter Personen. Unsere Sicherheitsma\u00dfnahmen werden entsprechend der technologischen Entwicklung fortlaufend verbessert.<\/p><p>6. Widerrufs- und Widerspruchsrecht<br \/>Wir weisen Sie darauf hin, dass Sie eine uns ggf. erteilte datenschutzrechtliche Einwilligung jederzeit mit Wirkung f\u00fcr die Zukunft widerrufen k\u00f6nnen. Soweit gesetzliche Anforderungen zur Erhebung von Daten bestehen (z.B. Architektenliste), besteht kein Widerrufsrecht.<\/p><p><br \/>7. L\u00f6schfristen<br \/>Wir speichern personenbezogene Daten jeweils nur so lange, bis der Zweck der Datenspeicherung entf\u00e4llt, so lange keine gesetzlichen Aufbewahrungsfristen oder Verj\u00e4hrungsfristen von m\u00f6glicherweise der Rechtsverfolgung dienlichen Daten der L\u00f6schung entgegenstehen (in diesem Fall wird die Verarbeitung der Daten nach Art. 18 DSGVO eingeschr\u00e4nkt).<\/p><p><br \/>8. Betroffenenrechte<br \/>Nach den anwendbaren Gesetzen haben Sie verschiedene Rechte bez\u00fcglich ihrer personenbezogenen Daten. M\u00f6chten Sie diese Rechte geltend machen, so richten Sie Ihre Anfrage bitte per E-Mail oder per Post unter eindeutiger Identifizierung Ihrer Person an die oben genannte Adresse des Verantwortlichen.<br \/>Nachfolgend finden Sie eine \u00dcbersicht \u00fcber Ihre Rechte:<br \/>a) Recht auf Best\u00e4tigung und Auskunft<br \/>Sie haben jederzeit das Recht, von uns eine Best\u00e4tigung dar\u00fcber zu erhalten, ob Sie betreffende personenbezogene Daten verarbeitet werden. Ist dies der Fall, so haben Sie das Recht, von uns eine unentgeltliche Auskunft \u00fcber die zu Ihnen gespeicherten personenbezogenen Daten nebst einer Kopie dieser Daten zu erlangen.<br \/>Des Weiteren besteht ein Recht auf folgende Informationen:<br \/>die Verarbeitungszwecke;<br \/>die Kategorien personenbezogener Daten, die verarbeitet werden;<br \/>die Empf\u00e4nger oder Kategorien von Empf\u00e4ngern, gegen\u00fcber denen die personenbezogenen Daten offengelegt worden sind oder noch offengelegt werden, insbesondere bei Empf\u00e4ngern in Drittl\u00e4ndern oder bei internationalen Organisationen;<br \/>falls m\u00f6glich die geplante Dauer, f\u00fcr die die personenbezogenen Daten gespeichert werden, oder, falls dies nicht m\u00f6glich ist, die Kriterien f\u00fcr die Festlegung dieser Dauer;<br \/>das Bestehen eines Rechts auf Berichtigung oder L\u00f6schung der Sie betreffenden personenbezogenen Daten oder auf Einschr\u00e4nkung der Verarbeitung durch den verantwortlichen oder eines Widerspruchsrechts gegen diese Verarbeitung;<br \/>das Bestehen eines Beschwerderechts bei einer Aufsichtsbeh\u00f6rde;<br \/>wenn die personenbezogenen Daten nicht bei Ihnen erhoben werden, alle verf\u00fcgbaren Informationen \u00fcber die Herkunft der Daten;<br \/>das Bestehen einer automatisierten Entscheidungsfindung einschlie\u00dflich Profiling gem\u00e4\u00df Art. 22 Abs. 1 und 4 DSGVO und \u2013 zumindest in diesen F\u00e4llen \u2013 aussagekr\u00e4ftige Informationen \u00fcber die involvierte Logik sowie die Tragweite und die angestrebten Auswirkungen einer derartigen Verarbeitung f\u00fcr Sie.<br \/>Werden personenbezogene Daten an ein Drittland oder an eine internationale Organisation \u00fcbermittelt, so haben Sie das Recht, \u00fcber die geeigneten Garantien gem\u00e4\u00df Art. 46 DSGVO im Zusammenhang mit der \u00dcbermittlung unterrichtet zu werden.<\/p><p>b) Recht auf Berichtigung<br \/>Sie haben das Recht, von uns unverz\u00fcglich die Berichtigung Sie betreffender unrichtiger personenbezogener Daten zu verlangen. Unter Ber\u00fccksichtigung der Zwecke der haben Sie das Recht, die Vervollst\u00e4ndigung unvollst\u00e4ndiger personenbezogener Daten \u2013 auch mittels einer erg\u00e4nzenden Erkl\u00e4rung \u2013 zu verlangen.<\/p><p>c) Recht auf L\u00f6schung (\u201eRecht auf Vergessenwerden\u201c)<br \/>Sie haben das Recht, von uns zu verlangen, dass Sie betreffende personenbezogene Daten unverz\u00fcglich gel\u00f6scht werden, und wir sind verpflichtet, personenbezogene Daten unverz\u00fcglich zu l\u00f6schen, sofern einer der folgenden Gr\u00fcnde zutrifft:<br \/>Die personenbezogenen Daten sind f\u00fcr die Zwecke, f\u00fcr die sie erhoben oder auf sonstige Weise verarbeitet wurden, nicht mehr notwendig.<br \/>Sie widerrufen Ihre Einwilligung, auf die sich die Verarbeitung gem\u00e4\u00df Art. 6 Abs. 1 lit. A DSGVO oder Art. 9 Abs. 2 lit. a DSGVO st\u00fctzte, und es fehlt an einer anderweitigen Rechtsgrundlage f\u00fcr die Verarbeitung.<br \/>Sie legen gem\u00e4\u00df Art. 21 Abs. 1 DSGVO Widerspruch gegen die Verarbeitung ein und es liegen keine vorrangigen berechtigten Gr\u00fcnde f\u00fcr die Verarbeitung vor, oder Sie legen gem\u00e4\u00df Art. 21 Abs. 2 DSGVO Widerspruch gegen die Verarbeitung ein.<br \/>Die personenbezogenen Daten wurden unrechtm\u00e4\u00dfig verarbeitet.<br \/>Die L\u00f6schung der personenbezogenen Daten ist zur Erf\u00fcllung einer rechtlichen Verpflichtung nach dem Unionsrecht oder dem Recht der Mitgliedstaaten erforderlich, dem wir unterliegen.<br \/>Die personenbezogenen Daten wurden in Bezug auf angebotene Dienste der Informationsgesellschaft gem\u00e4\u00df Art. 8 Abs. 1 DSGVO erhoben.<\/p><p>Das Recht auf L\u00f6schung besteht nicht, soweit die Verarbeitung erforderlich ist<br \/>zur Aus\u00fcbung des Rechts auf freie Meinungs\u00e4u\u00dferung und Information;<br \/>zur Erf\u00fcllung einer rechtlichen Verpflichtung, die die Verarbeitung nach dem Recht der Union oder der Mitgliedstaaten, dem der Verantwortliche unterliegt, erfordert, oder zur Wahrnehmung einer Aufgabe, die im \u00f6ffentlichen Interesse liegt oder in Aus\u00fcbung \u00f6ffentlicher Gewalt erfolgt, die dem Verantwortlichen \u00fcbertragen wurde;<br \/>aus Gr\u00fcnden des \u00f6ffentlichen Interesses im Bereich der \u00f6ffentlichen Gesundheit gem\u00e4\u00df Art. 9 Abs. 2 lit. h und i sowie Art. 9 Abs. 3 DSGVO; f\u00fcr im \u00f6ffentlichen Interesse liegende Archivzwecke, wissenschaftliche oder historische Forschungszwecke oder f\u00fcr statistische Zwecke gem. Art. 89 Abs. 1 DSGVO, soweit das unter Abschnitt a) genannte Recht voraussichtlich die Verwirklichung der Ziele dieser Verarbeitung unm\u00f6glich macht oder ernsthaft beeintr\u00e4chtigt, oder<br \/>zur Geltendmachung, Aus\u00fcbung oder Verteidigung von Rechtsanspr\u00fcchen. Haben wir die personenbezogenen Daten \u00f6ffentlich gemacht und sind wir gem\u00e4\u00df Art. 17 DSGVO zu deren L\u00f6schung verpflichtet, so treffen wir unter Ber\u00fccksichtigung der verf\u00fcgbaren Technologie und der Implementierungskosten angemessene Ma\u00dfnahmen, auch technischer Art, um f\u00fcr die Datenverarbeitung Verantwortliche, die die personenbezogenen Daten verarbeiten, dar\u00fcber zu informieren, dass Sie von ihnen die L\u00f6schung aller Links zu diesen personenbezogenen Daten oder von Kopien oder Replikationen dieser personenbezogenen Daten verlangt haben.<\/p><p>d) Recht auf Einschr\u00e4nkung der Verarbeitung<br \/>Sie haben das Recht, von uns die Einschr\u00e4nkung der Verarbeitung zu verlangen, wenn eine der folgenden Voraussetzungen gegeben ist:<br \/>die Richtigkeit der personenbezogenen Daten wird von Ihnen bestritten, und zwar f\u00fcr eine Dauer, die es uns erm\u00f6glicht, die Richtigkeit der personenbezogenen Daten zu \u00fcberpr\u00fcfen,<br \/>die Verarbeitung unrechtm\u00e4\u00dfig ist und Sie die L\u00f6schung der personenbezogenen Daten ablehnten und stattdessen die Einschr\u00e4nkung der Nutzung der personenbezogenen Daten verlangt;<br \/>wir die personenbezogenen Daten f\u00fcr die Zwecke der Verarbeitung nicht l\u00e4nger ben\u00f6tigen, Sie die Daten jedoch zur Geltendmachung, Aus\u00fcbung oder Verteidigung von Rechtsanspr\u00fcchen ben\u00f6tigten, oder<br \/>Sie Widerspruch gegen die Verarbeitung gem\u00e4\u00df Art. 21 Abs. 1 DSGVO eingelegt haben, solange noch nicht feststeht, ob die berechtigten Gr\u00fcnde unseres Unternehmens gegen\u00fcber den Ihren \u00fcberwiegen.<br \/>Wurde die Verarbeitung der Sie betreffenden personenbezogenen Daten eingeschr\u00e4nkt, d\u00fcrfen diese Daten \u2013 von ihrer Speicherung abgesehen \u2013 nur mit Ihrer Einwilligung oder zur Geltendmachung, Aus\u00fcbung oder Verteidigung von Rechtsanspr\u00fcchen oder zum Schutz der Rechte einer anderen nat\u00fcrlichen oder juristischen Person oder aus Gr\u00fcnden eines wichtigen \u00f6ffentlichen Interesses der Union oder eines Mitgliedstaats verarbeitet werden.<\/p><p>e) Recht auf Daten\u00fcbertragbarkeit<br \/>Sie haben das Recht, die Sie betreffenden personenbezogenen Daten, die uns bereitgestellt haben, in einem strukturierten, g\u00e4ngigen und maschinenlesbaren Format zu erhalten, und Sie haben das Recht, diese Daten einem anderen Verantwortlichen ohne Behinderung durch uns zu \u00fcbermitteln, sofern<br \/>die Verarbeitung auf einer Einwilligung gem\u00e4\u00df Art. 6 Abs. 1 lit. a DSGVO oder Art. 9 Abs. 2 lit. a DSGVO oder auf einem Vertrag gem\u00e4\u00df Art. 6 Abs. 1 lit. b DSGVO beruht und<br \/>die Verarbeitung mithilfe automatisierter Verfahren erfolgt.<\/p><p>Bei der Aus\u00fcbung ihres Rechts auf Daten\u00fcbertragbarkeit gem\u00e4\u00df Absatz 1 haben Sie das Recht, zu erwirken, dass die personenbezogenen Daten direkt von uns einem anderen Verantwortlichen \u00fcbermittelt werden, soweit dies technisch machbar ist.<br \/>Das Recht auf Daten\u00fcbertragbarkeit gilt nicht f\u00fcr eine Verarbeitung personenbezogener Daten, die f\u00fcr die Wahrnehmung einer Aufgabe erforderlich ist, die im \u00f6ffentlichen Interesse liegt oder in Aus\u00fcbung \u00f6ffentlicher Gewalt erfolgt, die dem Verantwortlichen \u00fcbertragen wurde.<\/p><p>f) Widerspruchsrecht<br \/>Sie haben das Recht, aus Gr\u00fcnden, die sich aus Ihrer besonderen Situation ergeben, jederzeit gegen die Verarbeitung Sie betreffender personenbezogener Daten, die aufgrund von Art. 6 Abs. 1 lit. e oder f DSGVO erfolgt, Widerspruch einzulegen; dies gilt auch f\u00fcr ein auf diese Bestimmungen gest\u00fctztes Profiling. Wir verarbeiten die personenbezogenen Daten nicht mehr, es sei denn, wir k\u00f6nnen zwingende schutzw\u00fcrdige Gr\u00fcnde f\u00fcr die Verarbeitung nachweisen, die Ihre Interessen, Rechte und Freiheiten \u00fcberwiegen, oder die Verarbeitung dient der Geltendmachung, Aus\u00fcbung oder Verteidigung von Rechtsanspr\u00fcchen.<br \/>Werden personenbezogene Daten von uns verarbeitet, um Direktwerbung zu betreiben, so haben Sie das Recht, jederzeit Widerspruch gegen die Verarbeitung Sie betreffender personenbezogener Daten zum Zwecke derartiger Werbung einzulegen; dies gilt auch f\u00fcr das Profiling, soweit es mit solcher Direktwerbung in Verbindung steht.<br \/>Sie haben das Recht, aus Gr\u00fcnden, die sich aus Ihrer besonderen Situation ergeben, gegen die Sie betreffende Verarbeitung sie betreffender personenbezogener Daten, die zu wissenschaftlichen oder historischen Forschungszwecken oder zu statistischen Zwecken gem\u00e4\u00df Art. 89 Abs. 1 DSGVO erfolgt, Widerspruch einzulegen, es sei denn, die Verarbeitung ist zur Erf\u00fcllung einer im \u00f6ffentlichen Interesse liegenden Aufgabe erforderlich.<\/p><p>g) Automatisierte Entscheidungen einschlie\u00dflich Profiling<br \/>Sie haben das Recht, nicht einer ausschlie\u00dflich auf einer automatisierten Verarbeitung \u2013 einschlie\u00dflich Profiling \u2013 beruhenden Entscheidung unterworfen zu werden, die Ihnen gegen\u00fcber rechtliche Wirkung entfaltet oder Sie in \u00e4hnlicher Weise erheblich beeintr\u00e4chtigt.<\/p><p>h) Recht auf Widerruf einer datenschutzrechtlichen Einwilligung<br \/>Sie haben das Recht, eine Einwilligung zur Verarbeitung personenbezogener Daten jederzeit zu widerrufen.<\/p><p>i) Recht auf Beschwerde bei einer Aufsichtsbeh\u00f6rde<br \/>Sie haben das Recht auf Beschwerde bei einer Aufsichtsbeh\u00f6rde, insbesondere in dem Mitgliedstaat Ihres Aufenthaltsorts, Ihres Arbeitsplatzes oder des Orts des mutma\u00dflichen Versto\u00dfes, Sie der Ansicht sind, dass die Verarbeitung der Sie betreffenden personenbezogenen Daten rechtswidrig ist.<\/p><p>j) Recht auf Unterrichtung<br \/>Haben Sie das Recht auf Berichtigung, L\u00f6schung oder Einschr\u00e4nkung der Verarbeitung gegen\u00fcber dem Verantwortlichen geltend gemacht, ist dieser verpflichtet, allen Empf\u00e4ngern, denen die Sie betreffenden personenbezogenen Daten offengelegt wurden, diese Berichtigung oder L\u00f6schung der Daten oder Einschr\u00e4nkung der Verarbeitung mitzuteilen, es sei denn, dies erweist sich als unm\u00f6glich oder ist mit einem unverh\u00e4ltnism\u00e4\u00dfigen Aufwand verbunden.<br \/>Ihnen steht gegen\u00fcber dem Verantwortlichen das Recht zu, \u00fcber diese Empf\u00e4nger unterrichtet zu werden.<\/p><p><br \/>9. Widerspruch Werbe-Mails<br \/>Der Nutzung von im Rahmen der Impressumspflicht ver\u00f6ffentlichten Kontaktdaten zur \u00dcbersendung von nicht ausdr\u00fccklich angeforderter Werbung und Informationsmaterialien wird hiermit widersprochen. Die Betreiber der Seiten behalten sich ausdr\u00fccklich rechtliche Schritte im Falle der unverlangten Zusendung von Werbeinformationen, etwa durch Spam-E-Mails, vor.<\/p>\t\t\t\t\t\t\t\t<\/div>\n\t\t\t\t<\/div>\n\t\t\t\t\t<\/div>\n\t\t\t\t<\/div>\n\t\t\t\t<\/div>\n\t\t","protected":false},"excerpt":{"rendered":"<p>Datenschutz Datenschutzerkl\u00e4rung des Architekturb\u00fcro Lintig &amp; Sengewald Landschaftsarchitekten PartGmbB 1. Gegenstand dieser Datenschutzerkl\u00e4rungDer Schutz Ihrer personenbezogenen Daten (im Folgenden kurz ,,Daten\u201c) ist uns ein gro\u00dfes und sehr wichtiges Anliegen. Nachfolgend m\u00f6chten wir Sie daher ausf\u00fchrlich dar\u00fcber informieren, welche Daten bei uns erhoben und wie diese von uns im Folgenden verarbeitet oder genutzt werden, ebenso wie, [&hellip;]<\/p>\n","protected":false},"author":1,"featured_media":0,"parent":0,"menu_order":0,"comment_status":"closed","ping_status":"closed","template":"","meta":{"footnotes":""},"class_list":["post-261","page","type-page","status-publish","hentry"],"blocksy_meta":[],"_links":{"self":[{"href":"http:\/\/lintig-sengewald.de\/index.php?rest_route=\/wp\/v2\/pages\/261","targetHints":{"allow":["GET"]}}],"collection":[{"href":"http:\/\/lintig-sengewald.de\/index.php?rest_route=\/wp\/v2\/pages"}],"about":[{"href":"http:\/\/lintig-sengewald.de\/index.php?rest_route=\/wp\/v2\/types\/page"}],"author":[{"embeddable":true,"href":"http:\/\/lintig-sengewald.de\/index.php?rest_route=\/wp\/v2\/users\/1"}],"replies":[{"embeddable":true,"href":"http:\/\/lintig-sengewald.de\/index.php?rest_route=%2Fwp%2Fv2%2Fcomments&post=261"}],"version-history":[{"count":4,"href":"http:\/\/lintig-sengewald.de\/index.php?rest_route=\/wp\/v2\/pages\/261\/revisions"}],"predecessor-version":[{"id":1020,"href":"http:\/\/lintig-sengewald.de\/index.php?rest_route=\/wp\/v2\/pages\/261\/revisions\/1020"}],"wp:attachment":[{"href":"http:\/\/lintig-sengewald.de\/index.php?rest_route=%2Fwp%2Fv2%2Fmedia&parent=261"}],"curies":[{"name":"wp","href":"https:\/\/api.w.org\/{rel}","templated":true}]}}